{"id":1365,"date":"2024-06-03T07:34:00","date_gmt":"2024-06-03T07:34:00","guid":{"rendered":"https:\/\/wp.dynamiclayers.net\/saasko-importer\/?page_id=1365"},"modified":"2025-03-10T15:13:04","modified_gmt":"2025-03-10T12:13:04","slug":"homepage-digital-marketing","status":"publish","type":"page","link":"https:\/\/hesapdenk.com\/","title":{"rendered":"Anasayfa"},"content":{"rendered":"\t\t<div data-elementor-type=\"wp-page\" data-elementor-id=\"1365\" class=\"elementor elementor-1365\">\n\t\t\t\t\t\t<section class=\"elementor-section elementor-top-section elementor-element elementor-element-4e41f6b elementor-section-content-middle dl-animelements-yes elementor-section-boxed elementor-section-height-default elementor-section-height-default\" data-id=\"4e41f6b\" data-element_type=\"section\" data-settings=\"{&quot;background_background&quot;:&quot;gradient&quot;,&quot;shape_divider_bottom&quot;:&quot;clouds&quot;}\">\n\t\t\t\t\t\t\t<div class=\"elementor-background-overlay\"><\/div>\n\t\t\t\t\t\t<div class=\"elementor-shape elementor-shape-bottom\" data-negative=\"false\">\n\t\t\t<svg xmlns=\"http:\/\/www.w3.org\/2000\/svg\" viewBox=\"0 0 283.5 27.8\" preserveAspectRatio=\"xMidYMax slice\">\n  <path class=\"elementor-shape-fill\" d=\"M0 0v6.7c1.9-.8 4.7-1.4 8.5-1 9.5 1.1 11.1 6 11.1 6s2.1-.7 4.3-.2c2.1.5 2.8 2.6 2.8 2.6s.2-.5 1.4-.7c1.2-.2 1.7.2 1.7.2s0-2.1 1.9-2.8c1.9-.7 3.6.7 3.6.7s.7-2.9 3.1-4.1 4.7 0 4.7 0 1.2-.5 2.4 0 1.7 1.4 1.7 1.4h1.4c.7 0 1.2.7 1.2.7s.8-1.8 4-2.2c3.5-.4 5.3 2.4 6.2 4.4.4-.4 1-.7 1.8-.9 2.8-.7 4 .7 4 .7s1.7-5 11.1-6c9.5-1.1 12.3 3.9 12.3 3.9s1.2-4.8 5.7-5.7c4.5-.9 6.8 1.8 6.8 1.8s.6-.6 1.5-.9c.9-.2 1.9-.2 1.9-.2s5.2-6.4 12.6-3.3c7.3 3.1 4.7 9 4.7 9s1.9-.9 4 0 2.8 2.4 2.8 2.4 1.9-1.2 4.5-1.2 4.3 1.2 4.3 1.2.2-1 1.4-1.7 2.1-.7 2.1-.7-.5-3.1 2.1-5.5 5.7-1.4 5.7-1.4 1.5-2.3 4.2-1.1c2.7 1.2 1.7 5.2 1.7 5.2s.3-.1 1.3.5c.5.4.8.8.9 1.1.5-1.4 2.4-5.8 8.4-4 7.1 2.1 3.5 8.9 3.5 8.9s.8-.4 2 0 1.1 1.1 1.1 1.1 1.1-1.1 2.3-1.1 2.1.5 2.1.5 1.9-3.6 6.2-1.2 1.9 6.4 1.9 6.4 2.6-2.4 7.4 0c3.4 1.7 3.9 4.9 3.9 4.9s3.3-6.9 10.4-7.9 11.5 2.6 11.5 2.6.8 0 1.2.2c.4.2.9.9.9.9s4.4-3.1 8.3.2c1.9 1.7 1.5 5 1.5 5s.3-1.1 1.6-1.4c1.3-.3 2.3.2 2.3.2s-.1-1.2.5-1.9 1.9-.9 1.9-.9-4.7-9.3 4.4-13.4c5.6-2.5 9.2.9 9.2.9s5-6.2 15.9-6.2 16.1 8.1 16.1 8.1.7-.2 1.6-.4V0H0z\"\/>\n<\/svg>\n\t\t<\/div>\n\t\t\t\t\t<div class=\"elementor-container elementor-column-gap-default\">\n\t\t\t\t\t<div class=\"elementor-column elementor-col-100 elementor-top-column elementor-element elementor-element-82d0842\" data-id=\"82d0842\" data-element_type=\"column\">\n\t\t\t<div class=\"elementor-widget-wrap elementor-element-populated\">\n\t\t\t\t\t\t<div class=\"elementor-element elementor-element-6fb5bd4 elementor-widget elementor-widget-saasko_heading\" data-id=\"6fb5bd4\" data-element_type=\"widget\" data-widget_type=\"saasko_heading.default\">\n\t\t\t\t<div class=\"elementor-widget-container\">\n\t\t\t\t\t\t\t<div id=\"wt-at-6fb5bd4\" class=\"headng-wrap center\">\r\n\t\t\t<div class=\"section-heading \">\r\n\t\t\t<h4 class=\"sub-heading\">PROFESYONEL MUHASEBE VE E-FATURA \u00c7\u00d6Z\u00dcMLER\u0130<\/h4><h2 class=\"heading\">\u0130\u015fletmenizin Finansal Y\u00f6netimi <br>Tek Platformda!<\/h2><p class=\"desc\">HesapDenk ile i\u015fletmenizin e-fatura ve \u00f6n muhasebe s\u00fcre\u00e7lerini kolayca y\u00f6netin.<br> Zaman kazan\u0131n, maliyetlerinizi d\u00fc\u015f\u00fcr\u00fcn.<\/p>\t\t\t<\/div>\r\n\t\t<\/div>\r\n\t\t\t\t\t<\/div>\n\t\t\t\t<\/div>\n\t\t\t\t<div class=\"elementor-element elementor-element-7136793 wt-mobile-align-center wt-align-center elementor-widget elementor-widget-saasko_button\" data-id=\"7136793\" data-element_type=\"widget\" data-settings=\"{&quot;btn_style&quot;:&quot;3&quot;}\" data-widget_type=\"saasko_button.default\">\n\t\t\t\t<div class=\"elementor-widget-container\">\n\t\t\t\t\t\t\t<div id=\"wt-at-7136793\" class=\"wt-button-wrap\">\r\n\t\t\t<a class=\"dl-btn-3\" href=\"https:\/\/app.hesapdenk.com\/Auth\/Login?ReturnUrl=%2F\" rel=\"nofollow\"><span >Panele git<\/span><\/a>\t\t<\/div>\r\n\r\n\t\t\t\t\t<\/div>\n\t\t\t\t<\/div>\n\t\t\t\t<div class=\"elementor-element elementor-element-1e41232 elementor-absolute elementor-widget elementor-widget-saasko_image\" data-id=\"1e41232\" data-element_type=\"widget\" data-settings=\"{&quot;_position&quot;:&quot;absolute&quot;}\" data-widget_type=\"saasko_image.default\">\n\t\t\t\t<div class=\"elementor-widget-container\">\n\t\t\t\t\t\t\t<div id=\"dl-img-1e41232\" class=\"elementor-image dl-image dl-img-anim dl-img-anim-updown\" data-parallax=\"{&quot;status&quot;:&quot;disable&quot;}\">\n\t\t\t\t\t\t\t\t\t\t<img fetchpriority=\"high\" decoding=\"async\" width=\"1024\" height=\"491\" src=\"https:\/\/hesapdenk.com\/wp-content\/uploads\/2025\/03\/Pink-minimal-new-website-instagram-post-1.png\" class=\"attachment-full size-full wp-image-1451\" alt=\"\" srcset=\"https:\/\/hesapdenk.com\/wp-content\/uploads\/2025\/03\/Pink-minimal-new-website-instagram-post-1.png 1024w, https:\/\/hesapdenk.com\/wp-content\/uploads\/2025\/03\/Pink-minimal-new-website-instagram-post-1-300x144.png 300w, https:\/\/hesapdenk.com\/wp-content\/uploads\/2025\/03\/Pink-minimal-new-website-instagram-post-1-768x368.png 768w\" sizes=\"(max-width: 1024px) 100vw, 1024px\" \/>\t\t\t\t\t\t\t\t\t\t\t<\/div>\n\t\t\t\t\t\t<\/div>\n\t\t\t\t<\/div>\n\t\t\t\t\t<\/div>\n\t\t<\/div>\n\t\t\t\t\t<\/div>\n\t\t<\/section>\n\t\t\t\t<section class=\"elementor-section elementor-top-section elementor-element elementor-element-f264197 elementor-section-content-middle elementor-section-boxed elementor-section-height-default elementor-section-height-default\" data-id=\"f264197\" data-element_type=\"section\">\n\t\t\t\t\t\t<div class=\"elementor-container elementor-column-gap-default\">\n\t\t\t\t\t<div class=\"elementor-column elementor-col-100 elementor-top-column elementor-element elementor-element-0ea3715\" data-id=\"0ea3715\" data-element_type=\"column\">\n\t\t\t<div class=\"elementor-widget-wrap elementor-element-populated\">\n\t\t\t\t\t\t<div class=\"elementor-element elementor-element-4d24c0a elementor-invisible elementor-widget elementor-widget-saasko_heading\" data-id=\"4d24c0a\" data-element_type=\"widget\" data-settings=\"{&quot;_animation&quot;:&quot;fadeInUp&quot;}\" data-widget_type=\"saasko_heading.default\">\n\t\t\t\t<div class=\"elementor-widget-container\">\n\t\t\t\t\t\t\t<div id=\"wt-at-4d24c0a\" class=\"headng-wrap center\">\r\n\t\t\t<div class=\"section-heading \">\r\n\t\t\t<h4 class=\"sub-heading\">HESAPDENK \u00d6ZELL\u0130KLER\u0130<\/h4><h2 class=\"heading\">\u0130\u015fletmeniz \u0130\u00e7in Dijital \u00c7\u00f6z\u00fcmler!<\/h2><p class=\"desc\">Modern i\u015fletmelerin ihtiya\u00e7 duydu\u011fu t\u00fcm finansal ve muhasebe ara\u00e7lar\u0131 tek platformda.<\/p>\t\t\t<\/div>\r\n\t\t<\/div>\r\n\t\t\t\t\t<\/div>\n\t\t\t\t<\/div>\n\t\t\t\t<section class=\"elementor-section elementor-inner-section elementor-element elementor-element-e36c362 elementor-section-boxed elementor-section-height-default elementor-section-height-default\" data-id=\"e36c362\" data-element_type=\"section\">\n\t\t\t\t\t\t<div class=\"elementor-container elementor-column-gap-default\">\n\t\t\t\t\t<div class=\"elementor-column elementor-col-33 elementor-inner-column elementor-element elementor-element-b33e02f\" data-id=\"b33e02f\" data-element_type=\"column\">\n\t\t\t<div class=\"elementor-widget-wrap elementor-element-populated\">\n\t\t\t\t\t\t<div class=\"elementor-element elementor-element-5a0c3e1 dl-left elementor-widget elementor-widget-saasko_service\" data-id=\"5a0c3e1\" data-element_type=\"widget\" data-widget_type=\"saasko_service.default\">\n\t\t\t\t<div class=\"elementor-widget-container\">\n\t\t\t\t\t            <div class=\"dl-service dl-service-style-5\" >\r\n                <div class=\"dl-icon\"><i class=\"saasko-icon saasko-target\"><\/i><\/div>                                <div class=\"content\">\r\n                    <h4 class=\"service-title\"><span ><span style=\"color: rgb(216, 222, 233); font-family: &quot;Segoe WPC&quot;, &quot;Segoe UI&quot;, sans-serif; font-size: 13px; letter-spacing: normal; text-transform: none; white-space-collapse: collapse; background-color: rgb(20, 20, 20);\"><\/span>E-Fatura \u00c7\u00f6z\u00fcm\u00fc<\/span><\/h4><p >Kolay kullan\u0131ml\u0131 aray\u00fcz ile faturalar\u0131n\u0131z\u0131 h\u0131zl\u0131ca olu\u015fturun, d\u00fczenleyin ve profesyonel \u015fekilde y\u00f6netin.<\/p>                <\/div>\r\n            <\/div>\r\n        \t\t\t\t<\/div>\n\t\t\t\t<\/div>\n\t\t\t\t<div class=\"elementor-element elementor-element-f557fe4 dl-left elementor-widget elementor-widget-saasko_service\" data-id=\"f557fe4\" data-element_type=\"widget\" data-widget_type=\"saasko_service.default\">\n\t\t\t\t<div class=\"elementor-widget-container\">\n\t\t\t\t\t            <div class=\"dl-service dl-service-style-5\" >\r\n                <a href=\"https:\/\/wp.dynamiclayers.net\/saasko\/how-it-works\/\"><div class=\"dl-icon\"><i class=\"saasko-icon saasko-flag\"><\/i><\/div><\/a>                                <div class=\"content\">\r\n                    <h4 class=\"service-title\"><a href=\" https:\/\/wp.dynamiclayers.net\/saasko\/how-it-works\/ \"><span >\u00d6n Muhasebe \u00c7\u00f6z\u00fcm\u00fc<\/span><\/a><\/h4><p >Gelir-gider takibi, cari hesap y\u00f6netimi ve stok kontrol\u00fc tek platformda.<\/p>                <\/div>\r\n            <\/div>\r\n        \t\t\t\t<\/div>\n\t\t\t\t<\/div>\n\t\t\t\t\t<\/div>\n\t\t<\/div>\n\t\t\t\t<div class=\"elementor-column elementor-col-33 elementor-inner-column elementor-element elementor-element-6476811\" data-id=\"6476811\" data-element_type=\"column\">\n\t\t\t<div class=\"elementor-widget-wrap elementor-element-populated\">\n\t\t\t\t\t\t<div class=\"elementor-element elementor-element-ab34112 dl-left elementor-widget elementor-widget-saasko_service\" data-id=\"ab34112\" data-element_type=\"widget\" data-widget_type=\"saasko_service.default\">\n\t\t\t\t<div class=\"elementor-widget-container\">\n\t\t\t\t\t            <div class=\"dl-service dl-service-style-5\" >\r\n                <div class=\"dl-icon\"><i class=\"saasko-icon saasko-startup\"><\/i><\/div>                                <div class=\"content\">\r\n                    <h4 class=\"service-title\"><span >Ak\u0131ll\u0131 Fatura Sistemi<\/span><\/h4><p >Geli\u015fmi\u015f masa\u00fcst\u00fc uygulamam\u0131z ile faturalar\u0131n\u0131z\u0131 kolayca olu\u015fturun, m\u00fc\u015fterilerinize h\u0131zl\u0131ca g\u00f6nderin ve d\u00fczenli takip edin.<\/p>                <\/div>\r\n            <\/div>\r\n        \t\t\t\t<\/div>\n\t\t\t\t<\/div>\n\t\t\t\t<div class=\"elementor-element elementor-element-a71068d dl-left elementor-widget elementor-widget-saasko_service\" data-id=\"a71068d\" data-element_type=\"widget\" data-widget_type=\"saasko_service.default\">\n\t\t\t\t<div class=\"elementor-widget-container\">\n\t\t\t\t\t            <div class=\"dl-service dl-service-style-5\" >\r\n                <div class=\"dl-icon\"><i class=\"saasko-icon saasko-stationery\"><\/i><\/div>                                <div class=\"content\">\r\n                    <h4 class=\"service-title\"><span >Geli\u015fmi\u015f Raporlama<\/span><\/h4><p >Finansal verilerinizi anl\u0131k takip edin, detayl\u0131 raporlar olu\u015fturun ve i\u015fletme performans\u0131n\u0131z\u0131 analiz edin.<\/p>                <\/div>\r\n            <\/div>\r\n        \t\t\t\t<\/div>\n\t\t\t\t<\/div>\n\t\t\t\t\t<\/div>\n\t\t<\/div>\n\t\t\t\t<div class=\"elementor-column elementor-col-33 elementor-inner-column elementor-element elementor-element-4b52a30\" data-id=\"4b52a30\" data-element_type=\"column\">\n\t\t\t<div class=\"elementor-widget-wrap elementor-element-populated\">\n\t\t\t\t\t\t<div class=\"elementor-element elementor-element-69df731 dl-left elementor-widget-tablet__width-initial elementor-widget-mobile__width-initial elementor-widget elementor-widget-saasko_service\" data-id=\"69df731\" data-element_type=\"widget\" data-widget_type=\"saasko_service.default\">\n\t\t\t\t<div class=\"elementor-widget-container\">\n\t\t\t\t\t            <div class=\"dl-service dl-service-style-5\" >\r\n                <div class=\"dl-icon\"><i class=\"saasko-icon saasko-like\"><\/i><\/div>                                <div class=\"content\">\r\n                    <h4 class=\"service-title\"><span >G\u00fcvenlik ve Yedekleme<\/span><\/h4><p >Verileriniz SSL \u015fifreleme ve otomatik yedekleme sistemleri ile g\u00fcvende.<\/p>                <\/div>\r\n            <\/div>\r\n        \t\t\t\t<\/div>\n\t\t\t\t<\/div>\n\t\t\t\t<div class=\"elementor-element elementor-element-816270a dl-left elementor-widget-tablet__width-initial elementor-widget-mobile__width-initial elementor-widget elementor-widget-saasko_service\" data-id=\"816270a\" data-element_type=\"widget\" data-widget_type=\"saasko_service.default\">\n\t\t\t\t<div class=\"elementor-widget-container\">\n\t\t\t\t\t            <div class=\"dl-service dl-service-style-5\" >\r\n                <div class=\"dl-icon\"><i class=\"saasko-icon saasko-worldwide\"><\/i><\/div>                                <div class=\"content\">\r\n                    <h4 class=\"service-title\"><span >Belge Y\u00f6netimi<\/span><\/h4><p >T\u00fcm finansal belgelerinizi dijital ortamda d\u00fczenleyin, ar\u015fivleyin ve kolayca ula\u015f\u0131n.<\/p>                <\/div>\r\n            <\/div>\r\n        \t\t\t\t<\/div>\n\t\t\t\t<\/div>\n\t\t\t\t\t<\/div>\n\t\t<\/div>\n\t\t\t\t\t<\/div>\n\t\t<\/section>\n\t\t\t\t\t<\/div>\n\t\t<\/div>\n\t\t\t\t\t<\/div>\n\t\t<\/section>\n\t\t\t\t<section class=\"elementor-section elementor-top-section elementor-element elementor-element-6441178 elementor-section-content-middle elementor-section-boxed elementor-section-height-default elementor-section-height-default\" data-id=\"6441178\" data-element_type=\"section\" data-settings=\"{&quot;background_background&quot;:&quot;classic&quot;}\">\n\t\t\t\t\t\t<div class=\"elementor-container elementor-column-gap-default\">\n\t\t\t\t\t<div class=\"elementor-column elementor-col-100 elementor-top-column elementor-element elementor-element-81227ad\" data-id=\"81227ad\" data-element_type=\"column\">\n\t\t\t<div class=\"elementor-widget-wrap elementor-element-populated\">\n\t\t\t\t\t\t<div class=\"elementor-element elementor-element-8d29d9d elementor-invisible elementor-widget elementor-widget-saasko_heading\" data-id=\"8d29d9d\" data-element_type=\"widget\" data-settings=\"{&quot;_animation&quot;:&quot;fadeInUp&quot;}\" data-widget_type=\"saasko_heading.default\">\n\t\t\t\t<div class=\"elementor-widget-container\">\n\t\t\t\t\t\t\t<div id=\"wt-at-8d29d9d\" class=\"headng-wrap center\">\r\n\t\t\t<div class=\"section-heading \">\r\n\t\t\t<h4 class=\"sub-heading\">\u00c7ALI\u015eMA ADIMLARI<\/h4><h2 class=\"heading\">4 Kolay Ad\u0131mda HesapDenk<\/h2>\t\t\t<\/div>\r\n\t\t<\/div>\r\n\t\t\t\t\t<\/div>\n\t\t\t\t<\/div>\n\t\t\t\t<section class=\"elementor-section elementor-inner-section elementor-element elementor-element-fdfdc6d elementor-section-boxed elementor-section-height-default elementor-section-height-default\" data-id=\"fdfdc6d\" data-element_type=\"section\" data-settings=\"{&quot;background_background&quot;:&quot;classic&quot;}\">\n\t\t\t\t\t\t<div class=\"elementor-container elementor-column-gap-default\">\n\t\t\t\t\t<div class=\"elementor-column elementor-col-25 elementor-inner-column elementor-element elementor-element-cc525d7\" data-id=\"cc525d7\" data-element_type=\"column\">\n\t\t\t<div class=\"elementor-widget-wrap elementor-element-populated\">\n\t\t\t\t\t\t<div class=\"elementor-element elementor-element-e19775a elementor-invisible elementor-widget elementor-widget-saasko_step_flow\" data-id=\"e19775a\" data-element_type=\"widget\" data-settings=\"{&quot;_animation&quot;:&quot;fadeIn&quot;}\" data-widget_type=\"saasko_step_flow.default\">\n\t\t\t\t<div class=\"elementor-widget-container\">\n\t\t\t\t\t    <div class=\"step-flow\">\r\n        <div class=\"step-number\">01<\/div><h3 class=\"step-title\">\u0130\u015fletmenizin ihtiya\u00e7lar\u0131n\u0131 belirliyor, size en uygun \u00e7\u00f6z\u00fcm\u00fc sunuyoruz.<\/h3>    <\/div>\r\n    \t\t\t\t<\/div>\n\t\t\t\t<\/div>\n\t\t\t\t\t<\/div>\n\t\t<\/div>\n\t\t\t\t<div class=\"elementor-column elementor-col-25 elementor-inner-column elementor-element elementor-element-61031c9\" data-id=\"61031c9\" data-element_type=\"column\">\n\t\t\t<div class=\"elementor-widget-wrap elementor-element-populated\">\n\t\t\t\t\t\t<div class=\"elementor-element elementor-element-b3bfc46 elementor-invisible elementor-widget elementor-widget-saasko_step_flow\" data-id=\"b3bfc46\" data-element_type=\"widget\" data-settings=\"{&quot;_animation&quot;:&quot;fadeIn&quot;,&quot;_animation_delay&quot;:300}\" data-widget_type=\"saasko_step_flow.default\">\n\t\t\t\t<div class=\"elementor-widget-container\">\n\t\t\t\t\t    <div class=\"step-flow\">\r\n        <div class=\"step-number\">02<\/div><h3 class=\"step-title\">Sisteminizi kuruyor, \u00f6zel ayarlar\u0131n\u0131z\u0131 yap\u0131yor ve verilerinizi aktar\u0131yoruz.<\/h3>    <\/div>\r\n    \t\t\t\t<\/div>\n\t\t\t\t<\/div>\n\t\t\t\t\t<\/div>\n\t\t<\/div>\n\t\t\t\t<div class=\"elementor-column elementor-col-25 elementor-inner-column elementor-element elementor-element-340065c\" data-id=\"340065c\" data-element_type=\"column\">\n\t\t\t<div class=\"elementor-widget-wrap elementor-element-populated\">\n\t\t\t\t\t\t<div class=\"elementor-element elementor-element-7a9889f elementor-invisible elementor-widget elementor-widget-saasko_step_flow\" data-id=\"7a9889f\" data-element_type=\"widget\" data-settings=\"{&quot;_animation&quot;:&quot;fadeIn&quot;,&quot;_animation_delay&quot;:400}\" data-widget_type=\"saasko_step_flow.default\">\n\t\t\t\t<div class=\"elementor-widget-container\">\n\t\t\t\t\t    <div class=\"step-flow\">\r\n        <div class=\"step-number\">03<\/div><h3 class=\"step-title\">Ekibinize detayl\u0131 kullan\u0131m e\u011fitimi veriyor, s\u00fcre\u00e7lerinize uyum sa\u011fl\u0131yoruz.<\/h3>    <\/div>\r\n    \t\t\t\t<\/div>\n\t\t\t\t<\/div>\n\t\t\t\t\t<\/div>\n\t\t<\/div>\n\t\t\t\t<div class=\"elementor-column elementor-col-25 elementor-inner-column elementor-element elementor-element-3c99fce\" data-id=\"3c99fce\" data-element_type=\"column\">\n\t\t\t<div class=\"elementor-widget-wrap elementor-element-populated\">\n\t\t\t\t\t\t<div class=\"elementor-element elementor-element-b9abf1f elementor-invisible elementor-widget elementor-widget-saasko_step_flow\" data-id=\"b9abf1f\" data-element_type=\"widget\" data-settings=\"{&quot;_animation&quot;:&quot;fadeIn&quot;,&quot;_animation_delay&quot;:500}\" data-widget_type=\"saasko_step_flow.default\">\n\t\t\t\t<div class=\"elementor-widget-container\">\n\t\t\t\t\t    <div class=\"step-flow\">\r\n        <div class=\"step-number\">04<\/div><h3 class=\"step-title\">7\/24 teknik destek ile yan\u0131n\u0131zda oluyoruz, i\u015fletmeniz kesintisiz \u00e7al\u0131\u015f\u0131yor.<\/h3>    <\/div>\r\n    \t\t\t\t<\/div>\n\t\t\t\t<\/div>\n\t\t\t\t\t<\/div>\n\t\t<\/div>\n\t\t\t\t\t<\/div>\n\t\t<\/section>\n\t\t\t\t\t<\/div>\n\t\t<\/div>\n\t\t\t\t\t<\/div>\n\t\t<\/section>\n\t\t\t\t<\/div>\n\t\t","protected":false},"excerpt":{"rendered":"<p>PROFESYONEL MUHASEBE VE E-FATURA \u00c7\u00d6Z\u00dcMLER\u0130 \u0130\u015fletmenizin Finansal Y\u00f6netimi Tek Platformda! HesapDenk ile i\u015fletmenizin e-fatura ve \u00f6n muhasebe s\u00fcre\u00e7lerini kolayca y\u00f6netin. Zaman kazan\u0131n, maliyetlerinizi d\u00fc\u015f\u00fcr\u00fcn. Panele git HESAPDENK \u00d6ZELL\u0130KLER\u0130 \u0130\u015fletmeniz \u0130\u00e7in Dijital \u00c7\u00f6z\u00fcmler! Modern i\u015fletmelerin ihtiya\u00e7 duydu\u011fu t\u00fcm finansal ve muhasebe ara\u00e7lar\u0131 tek platformda. E-Fatura \u00c7\u00f6z\u00fcm\u00fc Kolay kullan\u0131ml\u0131 aray\u00fcz ile faturalar\u0131n\u0131z\u0131 h\u0131zl\u0131ca olu\u015fturun, d\u00fczenleyin ve profesyonel<\/p>\n","protected":false},"author":1,"featured_media":0,"parent":0,"menu_order":0,"comment_status":"closed","ping_status":"closed","template":"empty-template.php","meta":{"_acf_changed":false,"_monsterinsights_skip_tracking":false,"_monsterinsights_sitenote_active":false,"_monsterinsights_sitenote_note":"","_monsterinsights_sitenote_category":0,"footnotes":""},"class_list":["post-1365","page","type-page","status-publish","hentry"],"acf":[],"aioseo_notices":[],"_links":{"self":[{"href":"https:\/\/hesapdenk.com\/index.php?rest_route=\/wp\/v2\/pages\/1365","targetHints":{"allow":["GET"]}}],"collection":[{"href":"https:\/\/hesapdenk.com\/index.php?rest_route=\/wp\/v2\/pages"}],"about":[{"href":"https:\/\/hesapdenk.com\/index.php?rest_route=\/wp\/v2\/types\/page"}],"author":[{"embeddable":true,"href":"https:\/\/hesapdenk.com\/index.php?rest_route=\/wp\/v2\/users\/1"}],"replies":[{"embeddable":true,"href":"https:\/\/hesapdenk.com\/index.php?rest_route=%2Fwp%2Fv2%2Fcomments&post=1365"}],"version-history":[{"count":10,"href":"https:\/\/hesapdenk.com\/index.php?rest_route=\/wp\/v2\/pages\/1365\/revisions"}],"predecessor-version":[{"id":1467,"href":"https:\/\/hesapdenk.com\/index.php?rest_route=\/wp\/v2\/pages\/1365\/revisions\/1467"}],"wp:attachment":[{"href":"https:\/\/hesapdenk.com\/index.php?rest_route=%2Fwp%2Fv2%2Fmedia&parent=1365"}],"curies":[{"name":"wp","href":"https:\/\/api.w.org\/{rel}","templated":true}]}}